{"id":8619,"date":"2024-08-06T14:33:04","date_gmt":"2024-08-06T12:33:04","guid":{"rendered":"https:\/\/www.maunakeatech.com\/?page_id=8619"},"modified":"2024-08-07T22:01:22","modified_gmt":"2024-08-07T20:01:22","slug":"mentions-legales","status":"publish","type":"page","link":"https:\/\/www.maunakeatech.com\/fr\/mentions-legales\/","title":{"rendered":"Mentions L\u00e9gales"},"content":{"rendered":"<p>[et_pb_section fb_built=&#8221;1&#8243; _builder_version=&#8221;4.25.1&#8243; _module_preset=&#8221;default&#8221; background_image=&#8221;https:\/\/www.maunakeatech.com\/wp-content\/uploads\/2024\/06\/AdobeStock_812003556_Preview.jpg&#8221; custom_margin=&#8221;||||false|false&#8221; custom_padding=&#8221;80px||100px||false|false&#8221; da_disable_devices=&#8221;off|off|off&#8221; locked=&#8221;off&#8221; global_colors_info=&#8221;{}&#8221; da_is_popup=&#8221;off&#8221; da_exit_intent=&#8221;off&#8221; da_has_close=&#8221;on&#8221; da_alt_close=&#8221;off&#8221; da_dark_close=&#8221;off&#8221; da_not_modal=&#8221;on&#8221; da_is_singular=&#8221;off&#8221; da_with_loader=&#8221;off&#8221; da_has_shadow=&#8221;on&#8221;][et_pb_row _builder_version=&#8221;4.25.1&#8243; _module_preset=&#8221;default&#8221; global_colors_info=&#8221;{}&#8221;][et_pb_column type=&#8221;4_4&#8243; _builder_version=&#8221;4.25.1&#8243; _module_preset=&#8221;default&#8221; pac_dcm_carousel_specific_module_num=&#8221;0&#8243; global_colors_info=&#8221;{}&#8221;][et_pb_text _builder_version=&#8221;4.27.0&#8243; _module_preset=&#8221;default&#8221; text_font=&#8221;|&#8211;et_global_heading_font_weight|||||||&#8221; text_text_color=&#8221;#FF6720&#8243; header_font=&#8221;&#8211;et_global_heading_font|&#8211;et_global_heading_font_weight|||||||&#8221; header_text_color=&#8221;#FFFFFF&#8221; header_font_size=&#8221;50px&#8221; header_line_height=&#8221;1.1em&#8221; custom_margin=&#8221;20px||20px||true|false&#8221; header_font_size_tablet=&#8221;50px&#8221; header_font_size_phone=&#8221;45px&#8221; header_font_size_last_edited=&#8221;on|phone&#8221; saved_tabs=&#8221;all&#8221; locked=&#8221;off&#8221; global_colors_info=&#8221;{}&#8221;]<\/p>\n<h1>Mentions L\u00e9gales<\/h1>\n<p>[\/et_pb_text][\/et_pb_column][\/et_pb_row][\/et_pb_section][et_pb_section fb_built=&#8221;1&#8243; admin_label=&#8221;About &#8221; module_id=&#8221;product-push&#8221; _builder_version=&#8221;4.25.0&#8243; _module_preset=&#8221;default&#8221; background_color=&#8221;RGBA(255,255,255,0)&#8221; da_disable_devices=&#8221;off|off|off&#8221; locked=&#8221;off&#8221; global_colors_info=&#8221;{}&#8221; da_is_popup=&#8221;off&#8221; da_exit_intent=&#8221;off&#8221; da_has_close=&#8221;on&#8221; da_alt_close=&#8221;off&#8221; da_dark_close=&#8221;off&#8221; da_not_modal=&#8221;on&#8221; da_is_singular=&#8221;off&#8221; da_with_loader=&#8221;off&#8221; da_has_shadow=&#8221;on&#8221;][et_pb_row _builder_version=&#8221;4.25.1&#8243; _module_preset=&#8221;default&#8221; custom_margin=&#8221;20px||||false|false&#8221; custom_padding=&#8221;24px|||||&#8221; global_colors_info=&#8221;{}&#8221;][et_pb_column type=&#8221;4_4&#8243; _builder_version=&#8221;4.25.1&#8243; _module_preset=&#8221;default&#8221; pac_dcm_carousel_specific_module_num=&#8221;0&#8243; global_colors_info=&#8221;{}&#8221;][et_pb_text _builder_version=&#8221;4.27.0&#8243; _module_preset=&#8221;default&#8221; text_text_color=&#8221;#FAFAFA&#8221; text_font_size=&#8221;18px&#8221; hover_enabled=&#8221;0&#8243; locked=&#8221;off&#8221; global_colors_info=&#8221;{}&#8221; sticky_enabled=&#8221;0&#8243;]<\/p>\n<p><span>L\u2019ensemble des documents figurant sur le site Internet <a href=\"http:\/\/www.maunakeatech.com\/\">www.maunakeatech.com<\/a> sont fournis uniquement \u00e0 titre informatif. Ils ne comportent aucun aspect juridique ou contractuel et ne constituent pas des conseils professionnels. Mauna Kea Technologies se r\u00e9serve le droit de modifier leurs caract\u00e9ristiques \u00e0 tout moment.<\/span><br \/><span>Cellvizio<sup>\u00ae<\/sup> est une marque d\u00e9pos\u00e9e et Confocal Miniprobe\u2122 est une marque de Mauna Kea Technologies.<\/span><\/p>\n<p>&nbsp;<\/p>\n<p><strong>PRESENTATION G\u00c9N\u00c9RALE<\/strong><\/p>\n<p><span>Vous \u00eates actuellement connect\u00e9 au site <a href=\"http:\/\/www.maunakeatech.com\/\" target=\"_blank\" rel=\"noopener\">www.maunakeatech.com<\/a><\/span><span>, \u00e9dit\u00e9 par Mauna Kea Technologies.<\/span><span>\u00a0<\/span><\/p>\n<p>&nbsp;<\/p>\n<table border=\"0\">\n<tbody>\n<tr>\n<td style=\"width: 237px;\">D\u00e9nomination sociale :<\/td>\n<td style=\"width: 215px;\">Mauna Kea Technologies<\/td>\n<\/tr>\n<tr>\n<td style=\"width: 237px;\">Repr\u00e9sentant l\u00e9gal :<\/td>\n<td style=\"width: 215px;\">Alexandre Loiseau<\/td>\n<\/tr>\n<tr>\n<td style=\"width: 237px;\">Soci\u00e9t\u00e9 anonyme au capital de :<\/td>\n<td style=\"width: 215px;\">1 946 735,80 Euros<\/td>\n<\/tr>\n<tr>\n<td style=\"width: 237px;\">RCS :<\/td>\n<td style=\"width: 215px;\">431268028<\/td>\n<\/tr>\n<tr>\n<td style=\"width: 237px;\">Siret :<\/td>\n<td style=\"width: 215px;\">431 268 028 00021<\/td>\n<\/tr>\n<tr>\n<td style=\"width: 237px;\">Num\u00e9ro d&#8217;identification \u00e0 la TVA :<\/td>\n<td style=\"width: 215px;\">FR54431268028<\/td>\n<\/tr>\n<tr>\n<td style=\"width: 237px;\">Si\u00e8ge social :<\/td>\n<td style=\"width: 215px;\">9 rue d&#8217;Enghien -75010 PARIS<\/td>\n<\/tr>\n<tr>\n<td style=\"width: 237px;\">T\u00e9l\u00e9phone :<\/td>\n<td style=\"width: 215px;\">+33 148240345<\/td>\n<\/tr>\n<tr>\n<td style=\"width: 237px;\">Directeur de la publication :<\/td>\n<td style=\"width: 215px;\">Alexandre Loiseau<\/td>\n<\/tr>\n<\/tbody>\n<\/table>\n<p>&nbsp;<\/p>\n<p><strong>D\u00c9CLARATION AUPR\u00c8S DE LA CNIL<\/strong><\/p>\n<p><span>Le pr\u00e9sent site a fait l&#8217;objet d&#8217;une d\u00e9claration aupr\u00e8s de la Commission Nationale de l&#8217; Informatique et des Libert\u00e9s (CNIL) sous le num\u00e9ro 1121756.<\/span><\/p>\n<h4><\/h4>\n<p><strong>DONN\u00c9ES PERSONNELLES :<\/strong><\/p>\n<p>Les informations que vous saisissez sont collect\u00e9es et utilis\u00e9es par Mauna Kea Technologies, en tant que responsable de traitement. Afin de r\u00e9pondre au mieux \u00e0 vos demandes, elles sont transf\u00e9r\u00e9es \u00e0 nos services internes, puis utilis\u00e9es dans le but de vous recontacter. Sauf indication contraire, elles sont conserv\u00e9es pour une dur\u00e9e maximale de 2 ans suite \u00e0 notre dernier contact avec vous. Ces informations peuvent \u00eatre communiqu\u00e9es aux prestataires de la soci\u00e9t\u00e9 pour l&#8217;ex\u00e9cution de travaux effectu\u00e9s pour son compte ou \u00e0 toute soci\u00e9t\u00e9 du groupe Mauna Kea Technologies en cas de mise en commun de moyens. Par cons\u00e9quent, vos informations personnelles peuvent \u00eatre transf\u00e9r\u00e9es en dehors de l\u2019Union Europ\u00e9enne.<\/p>\n<p>La loi &#8220;Informatique et Libert\u00e9s&#8221; du 6 janvier 1978 et le r\u00e8glement europ\u00e9en 2016\/679 (RGPD) vous fait b\u00e9n\u00e9ficier d\u2019un droit d\u2019acc\u00e8s, de rectification et d\u2019effacement des donn\u00e9es personnelles que vous nous communiquez. Vous b\u00e9n\u00e9ficiez \u00e9galement d\u2019un droit pour restreindre l\u2019utilisation de ces donn\u00e9es, de vous opposer \u00e0 leur utilisation et de nous en demander une copie.<\/p>\n<p>Si vous souhaitez exercer un ou plusieurs de ces droits, contactez-nous en indiquant vos nom, pr\u00e9nom et adresse \u00e0 :<\/p>\n<p>&nbsp;<\/p>\n<p><strong>Mauna Kea Technologies<\/strong><br \/><em>D\u00e9l\u00e9gu\u00e9 \u00e0 la Protection des Donn\u00e9es<br \/>9 rue d&#8217;Enghien<br \/>75010,<\/em>\u00a0<em>Paris, France<\/em><\/p>\n<p>Tel: +33 (0)1 48 24 03 45<\/p>\n<p><em>Ou par e-mail \u00e0 l&#8217;adresse suivante :<a href=\"mailto:dataprotection@maunakeatech.com\">\u00a0dataprotection@maunakeatech.com<\/a><\/em><\/p>\n<p>Si n\u00e9cessaire, vous pouvez adresser une r\u00e9clamation \u00e0 la CNIL, www.cnil.fr<\/p>\n<h4><\/h4>\n<p><strong>LIENS HYPERTEXTES<\/strong><\/p>\n<p><span>La cr\u00e9ation de liens hypertextes vers le site\u00a0<a href=\"http:\/\/www.maunakeatech.com\/\" target=\"_blank\" rel=\"noopener\">www.maunakeatech.com<\/a><\/span><a href=\"https:\/\/www.maunakeatech.com\/www.maunakeatech.com\" target=\"_blank\" rel=\"noopener\"><\/a><span> est soumise \u00e0 l&#8217;accord pr\u00e9alable du Directeur de la Publication. Les liens hypertextes \u00e9tablis en direction d&#8217;autres sites \u00e0 partir de <a href=\"http:\/\/www.maunakeatech.com\/\" target=\"_blank\" rel=\"noopener\">www.maunakeatech.com<\/a> ne sauraient, en aucun cas, engager la responsabilit\u00e9 de Mauna Kea Technologies.<\/span><\/p>\n<p><span><\/span><\/p>\n<p><strong>DROITS D&#8217;AUTEURS<\/strong><\/p>\n<p><span>La reproduction ou repr\u00e9sentation, int\u00e9grale ou partielle, des pages, des donn\u00e9es et de toute autre \u00e9l\u00e9ment constitutif au site, par quelque proc\u00e9d\u00e9 ou support que ce soit, est interdite et constitue, sans autorisation de l&#8217;\u00e9diteur, une contrefa\u00e7on.<\/span><\/p>\n<p><strong>DROIT APPLICABLE<\/strong><\/p>\n<p><span>Ce site et ses conditions d&#8217;acc\u00e8s et d&#8217;utilisation sont r\u00e9gies par le droit fran\u00e7ais. Tout litige, r\u00e9clamation ou poursuite relatives site ou \u00e0 son utilisation seront exclusivement appel\u00e9s \u00e0 \u00eatre r\u00e9solus par Le Tribunal de Paris, France.<\/span><\/p>\n<p><strong>H\u00c9BERGEMENT<\/strong><\/p>\n<p><span>Le pr\u00e9sent site\u00a0<\/span><a href=\"http:\/\/www.maunakeatech.com\/\" target=\"_blank\" rel=\"noopener\">www.maunakeatech.com\u00a0<\/a><span>, est h\u00e9berg\u00e9 aupr\u00e8s de la soci\u00e9t\u00e9 OVH dont les coordonn\u00e9es sont :<\/span><\/p>\n<div class=\"wDYxhc\" data-attrid=\"kc:\/location\/location:hours\" data-md=\"1005\" data-hveid=\"CD0QAA\" data-ved=\"2ahUKEwiBna_W0-OHAxVfD1kFHcb6BdoQkCl6BAg9EAA\">Scaleway<\/div>\n<div class=\"wDYxhc\" data-attrid=\"kc:\/location\/location:address\" data-md=\"1002\" data-hveid=\"CDQQAA\" data-ved=\"2ahUKEwiBna_W0-OHAxVfD1kFHcb6BdoQkCl6BAg0EAA\">\n<div class=\"Z1hOCe\">\n<div class=\"zloOqf PZPZlf\" data-dtype=\"d3ifr\" data-local-attribute=\"d3adr\" data-mid=\"\/g\/11fl81wkpv\" jsdata=\"kMGuHf;_;CR+LcY\" data-ved=\"2ahUKEwiBna_W0-OHAxVfD1kFHcb6BdoQghwoAHoECDQQAQ\"><span class=\"LrzXr\">11bis Rue Roqu\u00e9pine,<\/span><\/div>\n<div class=\"zloOqf PZPZlf\" data-dtype=\"d3ifr\" data-local-attribute=\"d3adr\" data-mid=\"\/g\/11fl81wkpv\" jsdata=\"kMGuHf;_;CR+LcY\" data-ved=\"2ahUKEwiBna_W0-OHAxVfD1kFHcb6BdoQghwoAHoECDQQAQ\">75008 Paris France<\/div>\n<div class=\"zloOqf PZPZlf\" data-dtype=\"d3ifr\" data-local-attribute=\"d3adr\" data-mid=\"\/g\/11fl81wkpv\" jsdata=\"kMGuHf;_;CR+LcY\" data-ved=\"2ahUKEwiBna_W0-OHAxVfD1kFHcb6BdoQghwoAHoECDQQAQ\">T\u00e9l\u00e9phone: +33 899 701 761<\/div>\n<div class=\"zloOqf PZPZlf\" data-dtype=\"d3ifr\" data-local-attribute=\"d3adr\" data-mid=\"\/g\/11fl81wkpv\" jsdata=\"kMGuHf;_;CR+LcY\" data-ved=\"2ahUKEwiBna_W0-OHAxVfD1kFHcb6BdoQghwoAHoECDQQAQ\">Site internet : <a href=\"https:\/\/www.scaleway.com\/\">www.scaleway.com<\/a><\/div>\n<\/div>\n<\/div>\n<p>&nbsp;<\/p>\n<p><strong>INFORMATIONS TECHNIQUES<\/strong><\/p>\n<p><span>Il est rappel\u00e9 que le secret des correspondances n&#8217;est pas garanti sur le r\u00e9seau et qu&#8217;il appartient \u00e0 chaque utilisateur d&#8217; Internet de prendre toutes les mesures appropri\u00e9es de fa\u00e7on \u00e0 prot\u00e9ger ses propres donn\u00e9es et\/ou logiciels de la contamination d&#8217;\u00e9ventuels virus circulant sur Internet.<\/span><\/p>\n<p><span style=\"color: #ffffff;\"><strong>INFORMATIONS ENVIRONNEMENT<\/strong><\/span><\/p>\n<p>L&#8217;identifiant unique FR000636_050GHR attestant de l&#8217;enregistrement au registre des producteurs de la fili\u00e8re EEE, en application de l&#8217;article L.541-10-13 du Code de l&#8217;Environnement a \u00e9t\u00e9 attribu\u00e9 par l&#8217;ADEME \u00e0 la soci\u00e9t\u00e9 Mauna Kea Technologies (Code SIRET : 431 268 028 00021). Cet identifiant atteste de sa conformit\u00e9 au regard de son obligation d&#8217;enregistrement au registre des producteurs d&#8217;Equipements Electriques et Electroniques et de la r\u00e9alisation de ses d\u00e9clarations de mises sur le march\u00e9 aupr\u00e8s d\u2019ecosystem.<\/p>\n<p><strong>COOKIES<\/strong><\/p>\n<p><span>Les cookies sont supprim\u00e9s apr\u00e8s 13 mois.<\/span><\/p>\n<p>[\/et_pb_text][\/et_pb_column][\/et_pb_row][\/et_pb_section]<\/p>\n","protected":false},"excerpt":{"rendered":"<p>Mentions L\u00e9galesL\u2019ensemble des documents figurant sur le site Internet www.maunakeatech.com sont fournis uniquement \u00e0 titre informatif. Ils ne comportent aucun aspect juridique ou contractuel et ne constituent pas des conseils professionnels. Mauna Kea Technologies se r\u00e9serve le droit de modifier leurs caract\u00e9ristiques \u00e0 tout moment.Cellvizio\u00ae est une marque d\u00e9pos\u00e9e et Confocal Miniprobe\u2122 est une marque [&hellip;]<\/p>\n","protected":false},"author":7,"featured_media":0,"parent":0,"menu_order":0,"comment_status":"closed","ping_status":"closed","template":"","meta":{"_et_pb_use_builder":"on","_et_pb_old_content":"","_et_gb_content_width":"","footnotes":""},"class_list":["post-8619","page","type-page","status-publish","hentry"],"yoast_head":"<!-- This site is optimized with the Yoast SEO plugin v27.2 - https:\/\/yoast.com\/product\/yoast-seo-wordpress\/ -->\n<title>Mentions L\u00e9gales - Mauna Kea Technologies<\/title>\n<meta name=\"robots\" content=\"index, follow, max-snippet:-1, max-image-preview:large, max-video-preview:-1\" \/>\n<link rel=\"canonical\" href=\"https:\/\/www.maunakeatech.com\/legal-notice\/\" \/>\n<meta property=\"og:locale\" content=\"fr_FR\" \/>\n<meta property=\"og:type\" content=\"article\" \/>\n<meta property=\"og:title\" content=\"Mentions L\u00e9gales - Mauna Kea Technologies\" \/>\n<meta property=\"og:description\" content=\"Mentions L\u00e9galesL\u2019ensemble des documents figurant sur le site Internet www.maunakeatech.com sont fournis uniquement \u00e0 titre informatif. Ils ne comportent aucun aspect juridique ou contractuel et ne constituent pas des conseils professionnels. Mauna Kea Technologies se r\u00e9serve le droit de modifier leurs caract\u00e9ristiques \u00e0 tout moment.Cellvizio\u00ae est une marque d\u00e9pos\u00e9e et Confocal Miniprobe\u2122 est une marque [&hellip;]\" \/>\n<meta property=\"og:url\" content=\"https:\/\/www.maunakeatech.com\/legal-notice\/\" \/>\n<meta property=\"og:site_name\" content=\"Mauna Kea Technologies\" \/>\n<meta property=\"article:publisher\" content=\"https:\/\/www.facebook.com\/maunakeatech\/\" \/>\n<meta property=\"article:modified_time\" content=\"2024-08-07T20:01:22+00:00\" \/>\n<meta name=\"twitter:card\" content=\"summary_large_image\" \/>\n<meta name=\"twitter:site\" content=\"@maunakeatech\" \/>\n<meta name=\"twitter:label1\" content=\"Dur\u00e9e de lecture estim\u00e9e\" \/>\n\t<meta name=\"twitter:data1\" content=\"5 minutes\" \/>\n<script type=\"application\/ld+json\" class=\"yoast-schema-graph\">{\"@context\":\"https:\/\/schema.org\",\"@graph\":[{\"@type\":\"WebPage\",\"@id\":\"https:\/\/www.maunakeatech.com\/legal-notice\/\",\"url\":\"https:\/\/www.maunakeatech.com\/legal-notice\/\",\"name\":\"Mentions L\u00e9gales - Mauna Kea Technologies\",\"isPartOf\":{\"@id\":\"https:\/\/www.maunakeatech.com\/#website\"},\"datePublished\":\"2024-08-06T12:33:04+00:00\",\"dateModified\":\"2024-08-07T20:01:22+00:00\",\"breadcrumb\":{\"@id\":\"https:\/\/www.maunakeatech.com\/legal-notice\/#breadcrumb\"},\"inLanguage\":\"fr-FR\",\"potentialAction\":[{\"@type\":\"ReadAction\",\"target\":[\"https:\/\/www.maunakeatech.com\/legal-notice\/\"]}]},{\"@type\":\"BreadcrumbList\",\"@id\":\"https:\/\/www.maunakeatech.com\/legal-notice\/#breadcrumb\",\"itemListElement\":[{\"@type\":\"ListItem\",\"position\":1,\"name\":\"Home\",\"item\":\"https:\/\/www.maunakeatech.com\/\"},{\"@type\":\"ListItem\",\"position\":2,\"name\":\"Mentions L\u00e9gales\"}]},{\"@type\":\"WebSite\",\"@id\":\"https:\/\/www.maunakeatech.com\/#website\",\"url\":\"https:\/\/www.maunakeatech.com\/\",\"name\":\"Mauna Kea Technologies\",\"description\":\"See Cells. Change Lives.\",\"potentialAction\":[{\"@type\":\"SearchAction\",\"target\":{\"@type\":\"EntryPoint\",\"urlTemplate\":\"https:\/\/www.maunakeatech.com\/?s={search_term_string}\"},\"query-input\":{\"@type\":\"PropertyValueSpecification\",\"valueRequired\":true,\"valueName\":\"search_term_string\"}}],\"inLanguage\":\"fr-FR\"}]}<\/script>\n<!-- \/ Yoast SEO plugin. -->","yoast_head_json":{"title":"Mentions L\u00e9gales - Mauna Kea Technologies","robots":{"index":"index","follow":"follow","max-snippet":"max-snippet:-1","max-image-preview":"max-image-preview:large","max-video-preview":"max-video-preview:-1"},"canonical":"https:\/\/www.maunakeatech.com\/legal-notice\/","og_locale":"fr_FR","og_type":"article","og_title":"Mentions L\u00e9gales - Mauna Kea Technologies","og_description":"Mentions L\u00e9galesL\u2019ensemble des documents figurant sur le site Internet www.maunakeatech.com sont fournis uniquement \u00e0 titre informatif. Ils ne comportent aucun aspect juridique ou contractuel et ne constituent pas des conseils professionnels. Mauna Kea Technologies se r\u00e9serve le droit de modifier leurs caract\u00e9ristiques \u00e0 tout moment.Cellvizio\u00ae est une marque d\u00e9pos\u00e9e et Confocal Miniprobe\u2122 est une marque [&hellip;]","og_url":"https:\/\/www.maunakeatech.com\/legal-notice\/","og_site_name":"Mauna Kea Technologies","article_publisher":"https:\/\/www.facebook.com\/maunakeatech\/","article_modified_time":"2024-08-07T20:01:22+00:00","twitter_card":"summary_large_image","twitter_site":"@maunakeatech","twitter_misc":{"Dur\u00e9e de lecture estim\u00e9e":"5 minutes"},"schema":{"@context":"https:\/\/schema.org","@graph":[{"@type":"WebPage","@id":"https:\/\/www.maunakeatech.com\/legal-notice\/","url":"https:\/\/www.maunakeatech.com\/legal-notice\/","name":"Mentions L\u00e9gales - Mauna Kea Technologies","isPartOf":{"@id":"https:\/\/www.maunakeatech.com\/#website"},"datePublished":"2024-08-06T12:33:04+00:00","dateModified":"2024-08-07T20:01:22+00:00","breadcrumb":{"@id":"https:\/\/www.maunakeatech.com\/legal-notice\/#breadcrumb"},"inLanguage":"fr-FR","potentialAction":[{"@type":"ReadAction","target":["https:\/\/www.maunakeatech.com\/legal-notice\/"]}]},{"@type":"BreadcrumbList","@id":"https:\/\/www.maunakeatech.com\/legal-notice\/#breadcrumb","itemListElement":[{"@type":"ListItem","position":1,"name":"Home","item":"https:\/\/www.maunakeatech.com\/"},{"@type":"ListItem","position":2,"name":"Mentions L\u00e9gales"}]},{"@type":"WebSite","@id":"https:\/\/www.maunakeatech.com\/#website","url":"https:\/\/www.maunakeatech.com\/","name":"Mauna Kea Technologies","description":"See Cells. Change Lives.","potentialAction":[{"@type":"SearchAction","target":{"@type":"EntryPoint","urlTemplate":"https:\/\/www.maunakeatech.com\/?s={search_term_string}"},"query-input":{"@type":"PropertyValueSpecification","valueRequired":true,"valueName":"search_term_string"}}],"inLanguage":"fr-FR"}]}},"_links":{"self":[{"href":"https:\/\/www.maunakeatech.com\/fr\/wp-json\/wp\/v2\/pages\/8619","targetHints":{"allow":["GET"]}}],"collection":[{"href":"https:\/\/www.maunakeatech.com\/fr\/wp-json\/wp\/v2\/pages"}],"about":[{"href":"https:\/\/www.maunakeatech.com\/fr\/wp-json\/wp\/v2\/types\/page"}],"author":[{"embeddable":true,"href":"https:\/\/www.maunakeatech.com\/fr\/wp-json\/wp\/v2\/users\/7"}],"replies":[{"embeddable":true,"href":"https:\/\/www.maunakeatech.com\/fr\/wp-json\/wp\/v2\/comments?post=8619"}],"version-history":[{"count":8,"href":"https:\/\/www.maunakeatech.com\/fr\/wp-json\/wp\/v2\/pages\/8619\/revisions"}],"predecessor-version":[{"id":9434,"href":"https:\/\/www.maunakeatech.com\/fr\/wp-json\/wp\/v2\/pages\/8619\/revisions\/9434"}],"wp:attachment":[{"href":"https:\/\/www.maunakeatech.com\/fr\/wp-json\/wp\/v2\/media?parent=8619"}],"curies":[{"name":"wp","href":"https:\/\/api.w.org\/{rel}","templated":true}]}}