{"id":8440,"date":"2024-08-05T22:30:52","date_gmt":"2024-08-05T20:30:52","guid":{"rendered":"https:\/\/www.maunakeatech.com\/?page_id=8440"},"modified":"2025-01-13T17:51:28","modified_gmt":"2025-01-13T16:51:28","slug":"fiche-descriptive-remboursement","status":"publish","type":"page","link":"https:\/\/www.maunakeatech.com\/fr\/landing-pages\/fiche-descriptive-remboursement\/","title":{"rendered":"Fiche Descriptive de Remboursement"},"content":{"rendered":"<p>[et_pb_section fb_built=&#8221;1&#8243; _builder_version=&#8221;4.27.0&#8243; _module_preset=&#8221;default&#8221; background_color=&#8221;#071621&#8243; custom_padding=&#8221;||30px||false|false&#8221; da_disable_devices=&#8221;off|off|off&#8221; global_colors_info=&#8221;{}&#8221; da_is_popup=&#8221;off&#8221; da_exit_intent=&#8221;off&#8221; da_has_close=&#8221;on&#8221; da_alt_close=&#8221;off&#8221; da_dark_close=&#8221;off&#8221; da_not_modal=&#8221;on&#8221; da_is_singular=&#8221;off&#8221; da_with_loader=&#8221;off&#8221; da_has_shadow=&#8221;on&#8221;][et_pb_row _builder_version=&#8221;4.27.0&#8243; _module_preset=&#8221;default&#8221; locked=&#8221;off&#8221; global_colors_info=&#8221;{}&#8221;][et_pb_column type=&#8221;4_4&#8243; _builder_version=&#8221;4.27.0&#8243; _module_preset=&#8221;default&#8221; pac_dcm_carousel_specific_module_num=&#8221;0&#8243; global_colors_info=&#8221;{}&#8221;][et_pb_image src=&#8221;https:\/\/www.maunakeatech.com\/wp-content\/uploads\/2024\/07\/mkt-reimbursement.png&#8221; title_text=&#8221;mkt-reimbursement&#8221; align=&#8221;center&#8221; _builder_version=&#8221;4.27.4&#8243; _module_preset=&#8221;default&#8221; border_radii=&#8221;on|20px|20px|20px|20px&#8221; box_shadow_style=&#8221;preset1&#8243; box_shadow_color=&#8221;#D6D6D6&#8243; global_colors_info=&#8221;{}&#8221;][\/et_pb_image][et_pb_text _builder_version=&#8221;4.27.4&#8243; _module_preset=&#8221;default&#8221; header_text_color=&#8221;#FFFFFF&#8221; header_font_size=&#8221;40px&#8221; header_2_font=&#8221;|&#8211;et_global_heading_font_weight|||||||&#8221; header_2_font_size=&#8221;40px&#8221; hover_enabled=&#8221;0&#8243; locked=&#8221;off&#8221; global_colors_info=&#8221;{}&#8221; sticky_enabled=&#8221;0&#8243;]<\/p>\n<h1 style=\"text-align: center;\">Fiche d&#8217;information sur le remboursement du<\/h1>\n<h1 style=\"text-align: center;\">Cellvizio<span><sup>\u00ae<\/sup><\/span><\/h1>\n<p>[\/et_pb_text][\/et_pb_column][\/et_pb_row][et_pb_row _builder_version=&#8221;4.27.0&#8243; _module_preset=&#8221;default&#8221; custom_padding=&#8221;0px||||false|false&#8221; locked=&#8221;off&#8221; global_colors_info=&#8221;{}&#8221;][et_pb_column type=&#8221;4_4&#8243; _builder_version=&#8221;4.27.0&#8243; _module_preset=&#8221;default&#8221; pac_dcm_carousel_specific_module_num=&#8221;0&#8243; global_colors_info=&#8221;{}&#8221;][et_pb_text _builder_version=&#8221;4.27.0&#8243; _module_preset=&#8221;default&#8221; text_font=&#8221;|700|||||||&#8221; text_text_color=&#8221;#41B6E6&#8243; text_font_size=&#8221;18px&#8221; custom_margin=&#8221;||20px||false|false&#8221; custom_padding=&#8221;||||false|false&#8221; locked=&#8221;off&#8221; global_colors_info=&#8221;{}&#8221;]<\/p>\n<p><b>Cellvizio<span><sup>\u00ae<\/sup><\/span>, la plateforme d&#8217;imagerie cellulaire in vivo en temps r\u00e9el, offre une visualisation cellulaire in vivo unique qui permet aux m\u00e9decins de :<\/b><\/p>\n<p>[\/et_pb_text][et_pb_text _builder_version=&#8221;4.27.0&#8243; _module_preset=&#8221;982516bb-a70a-4f68-890b-ed807f9d6510&#8243; text_font=&#8221;&#8211;et_global_heading_font||||||||&#8221; text_text_color=&#8221;#FFFFFF&#8221; locked=&#8221;off&#8221; global_colors_info=&#8221;{}&#8221;]<\/p>\n<ul>\n<li>Surveiller la progression de la maladie au fil du temps<\/li>\n<li>\u00c9valuer les r\u00e9actions ponctuelles au fur et \u00e0 mesure qu&#8217;elles se produisent en temps r\u00e9el<\/li>\n<li>Classer les zones ind\u00e9termin\u00e9es pr\u00e9occupantes<\/li>\n<li>Guider les interventions chirurgicales<\/li>\n<\/ul>\n<p>Notre programme de remboursement complet est con\u00e7u pour aider les m\u00e9decins et le personnel hospitalier \u00e0 obtenir des informations actualis\u00e9es sur le codage, la couverture et le paiement de Cellvizio<span><sup>\u00ae<\/sup><\/span>. T\u00e9l\u00e9chargez la fiche d&#8217;information sur le remboursement pour en savoir plus.<\/p>\n<p>[\/et_pb_text][\/et_pb_column][\/et_pb_row][et_pb_row custom_padding_last_edited=&#8221;on|tablet&#8221; _builder_version=&#8221;4.27.0&#8243; _module_preset=&#8221;default&#8221; background_enable_color=&#8221;off&#8221; custom_padding=&#8221;50px|50px|50px|50px|true|true&#8221; custom_padding_tablet=&#8221;50px|0px|50px|0px|true|true&#8221; custom_padding_phone=&#8221;50px|0px|50px|0px|true|true&#8221; border_radii=&#8221;on|20px|20px|20px|20px&#8221; locked=&#8221;off&#8221; global_colors_info=&#8221;{}&#8221;][et_pb_column type=&#8221;4_4&#8243; _builder_version=&#8221;4.27.0&#8243; _module_preset=&#8221;default&#8221; pac_dcm_carousel_specific_module_num=&#8221;0&#8243; global_colors_info=&#8221;{}&#8221;][et_pb_code _builder_version=&#8221;4.27.4&#8243; _module_preset=&#8221;default&#8221; background_color=&#8221;#FAFAFA&#8221; custom_padding=&#8221;50px|50px|50px|50px|true|true&#8221; border_radii=&#8221;on|20px|20px|20px|20px&#8221; global_colors_info=&#8221;{}&#8221;]<!--[if lte IE 8]><!-- [et_pb_line_break_holder] --><script charset=\"utf-8\" type=\"text\/javascript\" src=\"\/\/js.hsforms.net\/forms\/v2-legacy.js\"><\/script><!-- [et_pb_line_break_holder] --><![endif]--><!-- [et_pb_line_break_holder] --><script charset=\"utf-8\" type=\"text\/javascript\" src=\"\/\/js.hsforms.net\/forms\/embed\/v2.js\"><\/script><!-- [et_pb_line_break_holder] --><script><!-- [et_pb_line_break_holder] -->  hbspt.forms.create({<!-- [et_pb_line_break_holder] -->    portalId: \"338124\",<!-- [et_pb_line_break_holder] -->    formId: \"9b0c1388-fa3a-4548-b07d-4b49ade4df95\"<!-- [et_pb_line_break_holder] -->  });<!-- [et_pb_line_break_holder] --><\/script>[\/et_pb_code][\/et_pb_column][\/et_pb_row][\/et_pb_section][et_pb_section fb_built=&#8221;1&#8243; _builder_version=&#8221;4.27.0&#8243; _module_preset=&#8221;default&#8221; background_color=&#8221;#071621&#8243; background_enable_image=&#8221;off&#8221; custom_margin=&#8221;||||false|false&#8221; custom_padding=&#8221;0px||30px||false|false&#8221; da_disable_devices=&#8221;off|off|off&#8221; global_colors_info=&#8221;{}&#8221; da_is_popup=&#8221;off&#8221; da_exit_intent=&#8221;off&#8221; da_has_close=&#8221;on&#8221; da_alt_close=&#8221;off&#8221; da_dark_close=&#8221;off&#8221; da_not_modal=&#8221;on&#8221; da_is_singular=&#8221;off&#8221; da_with_loader=&#8221;off&#8221; da_has_shadow=&#8221;on&#8221;][et_pb_row make_equal=&#8221;on&#8221; _builder_version=&#8221;4.27.0&#8243; _module_preset=&#8221;default&#8221; global_colors_info=&#8221;{}&#8221;][et_pb_column type=&#8221;4_4&#8243; module_class=&#8221;dc-centrer-verticalement&#8221; _builder_version=&#8221;4.27.0&#8243; _module_preset=&#8221;default&#8221; background_color=&#8221;#092840&#8243; custom_padding=&#8221;|40px||40px|false|true&#8221; custom_padding_tablet=&#8221;30px||30px||true|true&#8221; custom_padding_phone=&#8221;30px||30px||true|true&#8221; custom_padding_last_edited=&#8221;on|tablet&#8221; pac_dcm_carousel_specific_module_num=&#8221;0&#8243; border_radii=&#8221;on|20px|20px|20px|20px&#8221; global_colors_info=&#8221;{}&#8221;][et_pb_text _builder_version=&#8221;4.27.0&#8243; _module_preset=&#8221;982516bb-a70a-4f68-890b-ed807f9d6510&#8243; text_font=&#8221;&#8211;et_global_heading_font||||||||&#8221; text_text_color=&#8221;#FFFFFF&#8221; text_orientation=&#8221;center&#8221; module_alignment=&#8221;center&#8221; locked=&#8221;off&#8221; global_colors_info=&#8221;{}&#8221;]<\/p>\n<p>N\u2019oubliez pas de nous suivre sur Linkedin et Twitter pour rester au courant de toutes les derni\u00e8res actualit\u00e9s de Cellvizio<sup>\u00ae<\/sup><\/p>\n<p>[\/et_pb_text][et_pb_social_media_follow _builder_version=&#8221;4.27.0&#8243; _module_preset=&#8221;default&#8221; background_enable_color=&#8221;off&#8221; text_orientation=&#8221;center&#8221; locked=&#8221;off&#8221; global_colors_info=&#8221;{}&#8221;][et_pb_social_media_follow_network social_network=&#8221;linkedin&#8221; url=&#8221;https:\/\/www.linkedin.com\/company\/mauna-kea-technologies\/&#8221; icon_color=&#8221;#092840&#8243; _builder_version=&#8221;4.27.0&#8243; _module_preset=&#8221;default&#8221; background_color=&#8221;#FF6720&#8243; background_enable_color=&#8221;on&#8221; global_colors_info=&#8221;{}&#8221; follow_button=&#8221;off&#8221; url_new_window=&#8221;on&#8221;]linkedin[\/et_pb_social_media_follow_network][et_pb_social_media_follow_network social_network=&#8221;facebook&#8221; url=&#8221;https:\/\/www.facebook.com\/maunakeatech\/&#8221; icon_color=&#8221;#071621&#8243; _builder_version=&#8221;4.27.0&#8243; _module_preset=&#8221;default&#8221; background_color=&#8221;#FF6720&#8243; background_enable_color=&#8221;on&#8221; border_radii=&#8221;on|30px|30px|30px|30px&#8221; global_colors_info=&#8221;{}&#8221; follow_button=&#8221;off&#8221; url_new_window=&#8221;on&#8221;]facebook[\/et_pb_social_media_follow_network][et_pb_social_media_follow_network social_network=&#8221;twitter&#8221; url=&#8221;https:\/\/twitter.com\/maunakeatech?lang=en&#8221; icon_color=&#8221;#071621&#8243; _builder_version=&#8221;4.27.0&#8243; _module_preset=&#8221;default&#8221; background_color=&#8221;#FF6720&#8243; background_enable_color=&#8221;on&#8221; border_radii=&#8221;on|30px|30px|30px|30px&#8221; border_color_all=&#8221;#FF6720&#8243; global_colors_info=&#8221;{}&#8221; follow_button=&#8221;off&#8221; url_new_window=&#8221;on&#8221;]X[\/et_pb_social_media_follow_network][\/et_pb_social_media_follow][\/et_pb_column][\/et_pb_row][\/et_pb_section]<\/p>\n","protected":false},"excerpt":{"rendered":"<p>Fiche d&#8217;information sur le remboursement du Cellvizio\u00aeCellvizio\u00ae, la plateforme d&#8217;imagerie cellulaire in vivo en temps r\u00e9el, offre une visualisation cellulaire in vivo unique qui permet aux m\u00e9decins de : Surveiller la progression de la maladie au fil du temps \u00c9valuer les r\u00e9actions ponctuelles au fur et \u00e0 mesure qu&#8217;elles se produisent en temps r\u00e9el Classer [&hellip;]<\/p>\n","protected":false},"author":1,"featured_media":0,"parent":2279,"menu_order":0,"comment_status":"closed","ping_status":"closed","template":"","meta":{"_et_pb_use_builder":"on","_et_pb_old_content":"","_et_gb_content_width":"","footnotes":""},"class_list":["post-8440","page","type-page","status-publish","hentry"],"yoast_head":"<!-- This site is optimized with the Yoast SEO plugin v27.2 - https:\/\/yoast.com\/product\/yoast-seo-wordpress\/ -->\n<title>Fiche Descriptive de Remboursement - Mauna Kea Technologies<\/title>\n<meta name=\"robots\" content=\"index, follow, max-snippet:-1, max-image-preview:large, max-video-preview:-1\" \/>\n<link rel=\"canonical\" href=\"https:\/\/www.maunakeatech.com\/landing-pages\/reimbursement-fact-sheet\/\" \/>\n<meta property=\"og:locale\" content=\"fr_FR\" \/>\n<meta property=\"og:type\" content=\"article\" \/>\n<meta property=\"og:title\" content=\"Fiche Descriptive de Remboursement - Mauna Kea Technologies\" \/>\n<meta property=\"og:description\" content=\"Fiche d&#039;information sur le remboursement du Cellvizio\u00aeCellvizio\u00ae, la plateforme d&#039;imagerie cellulaire in vivo en temps r\u00e9el, offre une visualisation cellulaire in vivo unique qui permet aux m\u00e9decins de : Surveiller la progression de la maladie au fil du temps \u00c9valuer les r\u00e9actions ponctuelles au fur et \u00e0 mesure qu&#039;elles se produisent en temps r\u00e9el Classer [&hellip;]\" \/>\n<meta property=\"og:url\" content=\"https:\/\/www.maunakeatech.com\/landing-pages\/reimbursement-fact-sheet\/\" \/>\n<meta property=\"og:site_name\" content=\"Mauna Kea Technologies\" \/>\n<meta property=\"article:publisher\" content=\"https:\/\/www.facebook.com\/maunakeatech\/\" \/>\n<meta property=\"article:modified_time\" content=\"2025-01-13T16:51:28+00:00\" \/>\n<meta name=\"twitter:card\" content=\"summary_large_image\" \/>\n<meta name=\"twitter:site\" content=\"@maunakeatech\" \/>\n<meta name=\"twitter:label1\" content=\"Dur\u00e9e de lecture estim\u00e9e\" \/>\n\t<meta name=\"twitter:data1\" content=\"5 minutes\" \/>\n<script type=\"application\/ld+json\" class=\"yoast-schema-graph\">{\"@context\":\"https:\/\/schema.org\",\"@graph\":[{\"@type\":\"WebPage\",\"@id\":\"https:\/\/www.maunakeatech.com\/landing-pages\/reimbursement-fact-sheet\/\",\"url\":\"https:\/\/www.maunakeatech.com\/landing-pages\/reimbursement-fact-sheet\/\",\"name\":\"Fiche Descriptive de Remboursement - Mauna Kea Technologies\",\"isPartOf\":{\"@id\":\"https:\/\/www.maunakeatech.com\/#website\"},\"datePublished\":\"2024-08-05T20:30:52+00:00\",\"dateModified\":\"2025-01-13T16:51:28+00:00\",\"breadcrumb\":{\"@id\":\"https:\/\/www.maunakeatech.com\/landing-pages\/reimbursement-fact-sheet\/#breadcrumb\"},\"inLanguage\":\"fr-FR\",\"potentialAction\":[{\"@type\":\"ReadAction\",\"target\":[\"https:\/\/www.maunakeatech.com\/landing-pages\/reimbursement-fact-sheet\/\"]}]},{\"@type\":\"BreadcrumbList\",\"@id\":\"https:\/\/www.maunakeatech.com\/landing-pages\/reimbursement-fact-sheet\/#breadcrumb\",\"itemListElement\":[{\"@type\":\"ListItem\",\"position\":1,\"name\":\"Home\",\"item\":\"https:\/\/www.maunakeatech.com\/\"},{\"@type\":\"ListItem\",\"position\":2,\"name\":\"Private: Landing Pages\",\"item\":\"https:\/\/www.maunakeatech.com\/?page_id=2279\"},{\"@type\":\"ListItem\",\"position\":3,\"name\":\"Fiche Descriptive de Remboursement\"}]},{\"@type\":\"WebSite\",\"@id\":\"https:\/\/www.maunakeatech.com\/#website\",\"url\":\"https:\/\/www.maunakeatech.com\/\",\"name\":\"Mauna Kea Technologies\",\"description\":\"See Cells. Change Lives.\",\"potentialAction\":[{\"@type\":\"SearchAction\",\"target\":{\"@type\":\"EntryPoint\",\"urlTemplate\":\"https:\/\/www.maunakeatech.com\/?s={search_term_string}\"},\"query-input\":{\"@type\":\"PropertyValueSpecification\",\"valueRequired\":true,\"valueName\":\"search_term_string\"}}],\"inLanguage\":\"fr-FR\"}]}<\/script>\n<!-- \/ Yoast SEO plugin. -->","yoast_head_json":{"title":"Fiche Descriptive de Remboursement - Mauna Kea Technologies","robots":{"index":"index","follow":"follow","max-snippet":"max-snippet:-1","max-image-preview":"max-image-preview:large","max-video-preview":"max-video-preview:-1"},"canonical":"https:\/\/www.maunakeatech.com\/landing-pages\/reimbursement-fact-sheet\/","og_locale":"fr_FR","og_type":"article","og_title":"Fiche Descriptive de Remboursement - Mauna Kea Technologies","og_description":"Fiche d'information sur le remboursement du Cellvizio\u00aeCellvizio\u00ae, la plateforme d'imagerie cellulaire in vivo en temps r\u00e9el, offre une visualisation cellulaire in vivo unique qui permet aux m\u00e9decins de : Surveiller la progression de la maladie au fil du temps \u00c9valuer les r\u00e9actions ponctuelles au fur et \u00e0 mesure qu'elles se produisent en temps r\u00e9el Classer [&hellip;]","og_url":"https:\/\/www.maunakeatech.com\/landing-pages\/reimbursement-fact-sheet\/","og_site_name":"Mauna Kea Technologies","article_publisher":"https:\/\/www.facebook.com\/maunakeatech\/","article_modified_time":"2025-01-13T16:51:28+00:00","twitter_card":"summary_large_image","twitter_site":"@maunakeatech","twitter_misc":{"Dur\u00e9e de lecture estim\u00e9e":"5 minutes"},"schema":{"@context":"https:\/\/schema.org","@graph":[{"@type":"WebPage","@id":"https:\/\/www.maunakeatech.com\/landing-pages\/reimbursement-fact-sheet\/","url":"https:\/\/www.maunakeatech.com\/landing-pages\/reimbursement-fact-sheet\/","name":"Fiche Descriptive de Remboursement - Mauna Kea Technologies","isPartOf":{"@id":"https:\/\/www.maunakeatech.com\/#website"},"datePublished":"2024-08-05T20:30:52+00:00","dateModified":"2025-01-13T16:51:28+00:00","breadcrumb":{"@id":"https:\/\/www.maunakeatech.com\/landing-pages\/reimbursement-fact-sheet\/#breadcrumb"},"inLanguage":"fr-FR","potentialAction":[{"@type":"ReadAction","target":["https:\/\/www.maunakeatech.com\/landing-pages\/reimbursement-fact-sheet\/"]}]},{"@type":"BreadcrumbList","@id":"https:\/\/www.maunakeatech.com\/landing-pages\/reimbursement-fact-sheet\/#breadcrumb","itemListElement":[{"@type":"ListItem","position":1,"name":"Home","item":"https:\/\/www.maunakeatech.com\/"},{"@type":"ListItem","position":2,"name":"Private: Landing Pages","item":"https:\/\/www.maunakeatech.com\/?page_id=2279"},{"@type":"ListItem","position":3,"name":"Fiche Descriptive de Remboursement"}]},{"@type":"WebSite","@id":"https:\/\/www.maunakeatech.com\/#website","url":"https:\/\/www.maunakeatech.com\/","name":"Mauna Kea Technologies","description":"See Cells. Change Lives.","potentialAction":[{"@type":"SearchAction","target":{"@type":"EntryPoint","urlTemplate":"https:\/\/www.maunakeatech.com\/?s={search_term_string}"},"query-input":{"@type":"PropertyValueSpecification","valueRequired":true,"valueName":"search_term_string"}}],"inLanguage":"fr-FR"}]}},"_links":{"self":[{"href":"https:\/\/www.maunakeatech.com\/fr\/wp-json\/wp\/v2\/pages\/8440","targetHints":{"allow":["GET"]}}],"collection":[{"href":"https:\/\/www.maunakeatech.com\/fr\/wp-json\/wp\/v2\/pages"}],"about":[{"href":"https:\/\/www.maunakeatech.com\/fr\/wp-json\/wp\/v2\/types\/page"}],"author":[{"embeddable":true,"href":"https:\/\/www.maunakeatech.com\/fr\/wp-json\/wp\/v2\/users\/1"}],"replies":[{"embeddable":true,"href":"https:\/\/www.maunakeatech.com\/fr\/wp-json\/wp\/v2\/comments?post=8440"}],"version-history":[{"count":11,"href":"https:\/\/www.maunakeatech.com\/fr\/wp-json\/wp\/v2\/pages\/8440\/revisions"}],"predecessor-version":[{"id":13178,"href":"https:\/\/www.maunakeatech.com\/fr\/wp-json\/wp\/v2\/pages\/8440\/revisions\/13178"}],"up":[{"embeddable":true,"href":"https:\/\/www.maunakeatech.com\/fr\/wp-json\/wp\/v2\/pages\/2279"}],"wp:attachment":[{"href":"https:\/\/www.maunakeatech.com\/fr\/wp-json\/wp\/v2\/media?parent=8440"}],"curies":[{"name":"wp","href":"https:\/\/api.w.org\/{rel}","templated":true}]}}