{"id":8386,"date":"2024-08-06T15:06:50","date_gmt":"2024-08-06T13:06:50","guid":{"rendered":"https:\/\/www.maunakeatech.com\/urologie-2\/"},"modified":"2024-09-06T05:08:24","modified_gmt":"2024-09-06T03:08:24","slug":"urologie","status":"publish","type":"page","link":"https:\/\/www.maunakeatech.com\/fr\/urologie\/","title":{"rendered":"Urologie"},"content":{"rendered":"<p>[et_pb_section fb_built=&#8221;1&#8243; _builder_version=&#8221;4.25.1&#8243; _module_preset=&#8221;default&#8221; background_image=&#8221;https:\/\/www.maunakeatech.com\/wp-content\/uploads\/2024\/06\/AdobeStock_812003556_Preview.jpg&#8221; custom_margin=&#8221;||||false|false&#8221; custom_padding=&#8221;80px||100px||false|false&#8221; da_disable_devices=&#8221;off|off|off&#8221; global_colors_info=&#8221;{}&#8221; da_is_popup=&#8221;off&#8221; da_exit_intent=&#8221;off&#8221; da_has_close=&#8221;on&#8221; da_alt_close=&#8221;off&#8221; da_dark_close=&#8221;off&#8221; da_not_modal=&#8221;on&#8221; da_is_singular=&#8221;off&#8221; da_with_loader=&#8221;off&#8221; da_has_shadow=&#8221;on&#8221;][et_pb_row _builder_version=&#8221;4.25.1&#8243; _module_preset=&#8221;default&#8221; global_colors_info=&#8221;{}&#8221;][et_pb_column type=&#8221;4_4&#8243; _builder_version=&#8221;4.25.1&#8243; _module_preset=&#8221;default&#8221; pac_dcm_carousel_specific_module_num=&#8221;0&#8243; global_colors_info=&#8221;{}&#8221;][et_pb_text _builder_version=&#8221;4.25.1&#8243; _module_preset=&#8221;default&#8221; text_font=&#8221;|&#8211;et_global_heading_font_weight|||||||&#8221; text_text_color=&#8221;#FF6720&#8243; header_font=&#8221;&#8211;et_global_heading_font|&#8211;et_global_heading_font_weight|||||||&#8221; header_text_color=&#8221;#FFFFFF&#8221; header_font_size=&#8221;50px&#8221; header_line_height=&#8221;1.1em&#8221; custom_margin=&#8221;20px||20px||true|false&#8221; header_font_size_tablet=&#8221;50px&#8221; header_font_size_phone=&#8221;45px&#8221; header_font_size_last_edited=&#8221;on|phone&#8221; saved_tabs=&#8221;all&#8221; locked=&#8221;off&#8221; global_colors_info=&#8221;{}&#8221;]<\/p>\n<h1>Urologie<\/h1>\n<p>[\/et_pb_text][et_pb_text _builder_version=&#8221;4.25.2&#8243; _module_preset=&#8221;default&#8221; text_font=&#8221;&#8211;et_global_heading_font|300|||||||&#8221; text_text_color=&#8221;#FFFFFF&#8221; text_font_size=&#8221;22px&#8221; text_line_height=&#8221;1.2em&#8221; locked=&#8221;off&#8221; global_colors_info=&#8221;{}&#8221;]<\/p>\n<p>Visualisez la microstructure interne des tissus en temps r\u00e9el pendant les proc\u00e9dures d&#8217;ur\u00e9terscopie et de cystoscopie.<\/p>\n<p>[\/et_pb_text][\/et_pb_column][\/et_pb_row][\/et_pb_section][et_pb_section fb_built=&#8221;1&#8243; admin_label=&#8221;centered-text&#8221; module_id=&#8221;centered-text&#8221; _builder_version=&#8221;4.25.0&#8243; _module_preset=&#8221;default&#8221; background_color=&#8221;RGBA(255,255,255,0)&#8221; da_disable_devices=&#8221;off|off|off&#8221; locked=&#8221;off&#8221; global_colors_info=&#8221;{}&#8221; da_is_popup=&#8221;off&#8221; da_exit_intent=&#8221;off&#8221; da_has_close=&#8221;on&#8221; da_alt_close=&#8221;off&#8221; da_dark_close=&#8221;off&#8221; da_not_modal=&#8221;on&#8221; da_is_singular=&#8221;off&#8221; da_with_loader=&#8221;off&#8221; da_has_shadow=&#8221;on&#8221;][et_pb_row _builder_version=&#8221;4.25.1&#8243; _module_preset=&#8221;default&#8221; global_colors_info=&#8221;{}&#8221;][et_pb_column type=&#8221;4_4&#8243; _builder_version=&#8221;4.25.1&#8243; _module_preset=&#8221;default&#8221; pac_dcm_carousel_specific_module_num=&#8221;0&#8243; global_colors_info=&#8221;{}&#8221;][et_pb_text _builder_version=&#8221;4.27.0&#8243; _module_preset=&#8221;default&#8221; text_text_color=&#8221;#FAFAFA&#8221; locked=&#8221;off&#8221; global_colors_info=&#8221;{}&#8221;]<\/p>\n<div class=\"push push--full\">\n<div class=\"push__desc\">\n<p>Avec Cellvizio<span><sup>\u00ae<\/sup><\/span>, les m\u00e9decins peuvent visualiser la microstructure interne des tissus en temps r\u00e9el pendant les proc\u00e9dures d\u2019ur\u00e9t\u00e9roscopie et de cystoscopie.<\/p>\n<p>Cellvizio<span><sup>\u00ae <\/sup><\/span>est un syst\u00e8me d\u2019endomicroscopie confocale laser (pCLE). Ce syst\u00e8me est bas\u00e9 sur une technologie de balayage laser qui a \u00e9t\u00e9 adapt\u00e9e pour l\u2019imagerie \u00e0 travers un faisceau de fibres optiques. Ces faisceaux de fibres sont assembl\u00e9s avec d\u2019autres \u00e9l\u00e9ments optiques pour former les Confocal Miniprobes<span style=\"font-weight: 400;\"><span>\u2122<\/span><\/span>.<\/p>\n<\/div>\n<\/div>\n<p>[\/et_pb_text][et_pb_button button_url=&#8221;https:\/\/www.maunakeatech.com\/fr\/contactez-nous\/&#8221; button_text=&#8221;Contactez-nous pour en savoir plus sur cellvizio en urologie.&#8221; _builder_version=&#8221;4.27.0&#8243; _module_preset=&#8221;default&#8221; custom_button=&#8221;on&#8221; button_text_size=&#8221;14px&#8221; button_font=&#8221;|700|||||||&#8221; custom_margin=&#8221;70px||||false|false&#8221; custom_margin_tablet=&#8221;50px||||false|false&#8221; custom_margin_phone=&#8221;||40px||false|false&#8221; custom_margin_last_edited=&#8221;on|phone&#8221; custom_padding=&#8221;10px|40px|10px|40px|true|true&#8221; hover_enabled=&#8221;0&#8243; locked=&#8221;off&#8221; global_colors_info=&#8221;{}&#8221; sticky_enabled=&#8221;0&#8243;][\/et_pb_button][\/et_pb_column][\/et_pb_row][\/et_pb_section]<\/p>\n","protected":false},"excerpt":{"rendered":"<p>UrologieVisualisez la microstructure interne des tissus en temps r\u00e9el pendant les proc\u00e9dures d&#8217;ur\u00e9terscopie et de cystoscopie. Avec Cellvizio\u00ae, les m\u00e9decins peuvent visualiser la microstructure interne des tissus en temps r\u00e9el pendant les proc\u00e9dures d\u2019ur\u00e9t\u00e9roscopie et de cystoscopie. Cellvizio\u00ae est un syst\u00e8me d\u2019endomicroscopie confocale laser (pCLE). Ce syst\u00e8me est bas\u00e9 sur une technologie de balayage laser [&hellip;]<\/p>\n","protected":false},"author":1,"featured_media":0,"parent":0,"menu_order":0,"comment_status":"closed","ping_status":"closed","template":"","meta":{"_et_pb_use_builder":"on","_et_pb_old_content":"","_et_gb_content_width":"","footnotes":""},"class_list":["post-8386","page","type-page","status-publish","hentry"],"yoast_head":"<!-- This site is optimized with the Yoast SEO plugin v27.3 - https:\/\/yoast.com\/product\/yoast-seo-wordpress\/ -->\n<title>Urologie - Mauna Kea Technologies<\/title>\n<meta name=\"description\" content=\"Avec Cellvizio\u00ae, les m\u00e9decins peuvent visualiser la microstructure interne des tissus en temps r\u00e9el pendant les proc\u00e9dures d\u2019ur\u00e9t\u00e9roscopie et de cystoscopie.\" \/>\n<meta name=\"robots\" content=\"index, follow, max-snippet:-1, max-image-preview:large, max-video-preview:-1\" \/>\n<link rel=\"canonical\" href=\"https:\/\/www.maunakeatech.com\/urology\/\" \/>\n<meta property=\"og:locale\" content=\"fr_FR\" \/>\n<meta property=\"og:type\" content=\"article\" \/>\n<meta property=\"og:title\" content=\"Urologie - Mauna Kea Technologies\" \/>\n<meta property=\"og:description\" content=\"Avec Cellvizio\u00ae, les m\u00e9decins peuvent visualiser la microstructure interne des tissus en temps r\u00e9el pendant les proc\u00e9dures d\u2019ur\u00e9t\u00e9roscopie et de cystoscopie.\" \/>\n<meta property=\"og:url\" content=\"https:\/\/www.maunakeatech.com\/urology\/\" \/>\n<meta property=\"og:site_name\" content=\"Mauna Kea Technologies\" \/>\n<meta property=\"article:publisher\" content=\"https:\/\/www.facebook.com\/maunakeatech\/\" \/>\n<meta property=\"article:modified_time\" content=\"2024-09-06T03:08:24+00:00\" \/>\n<meta name=\"twitter:card\" content=\"summary_large_image\" \/>\n<meta name=\"twitter:site\" content=\"@maunakeatech\" \/>\n<meta name=\"twitter:label1\" content=\"Dur\u00e9e de lecture estim\u00e9e\" \/>\n\t<meta name=\"twitter:data1\" content=\"1 minute\" \/>\n<script type=\"application\/ld+json\" class=\"yoast-schema-graph\">{\"@context\":\"https:\\\/\\\/schema.org\",\"@graph\":[{\"@type\":\"WebPage\",\"@id\":\"https:\\\/\\\/www.maunakeatech.com\\\/urology\\\/\",\"url\":\"https:\\\/\\\/www.maunakeatech.com\\\/urology\\\/\",\"name\":\"Urologie - Mauna Kea Technologies\",\"isPartOf\":{\"@id\":\"https:\\\/\\\/www.maunakeatech.com\\\/#website\"},\"datePublished\":\"2024-08-06T13:06:50+00:00\",\"dateModified\":\"2024-09-06T03:08:24+00:00\",\"description\":\"Avec Cellvizio\u00ae, les m\u00e9decins peuvent visualiser la microstructure interne des tissus en temps r\u00e9el pendant les proc\u00e9dures d\u2019ur\u00e9t\u00e9roscopie et de cystoscopie.\",\"breadcrumb\":{\"@id\":\"https:\\\/\\\/www.maunakeatech.com\\\/urology\\\/#breadcrumb\"},\"inLanguage\":\"fr-FR\",\"potentialAction\":[{\"@type\":\"ReadAction\",\"target\":[\"https:\\\/\\\/www.maunakeatech.com\\\/urology\\\/\"]}]},{\"@type\":\"BreadcrumbList\",\"@id\":\"https:\\\/\\\/www.maunakeatech.com\\\/urology\\\/#breadcrumb\",\"itemListElement\":[{\"@type\":\"ListItem\",\"position\":1,\"name\":\"Home\",\"item\":\"https:\\\/\\\/www.maunakeatech.com\\\/\"},{\"@type\":\"ListItem\",\"position\":2,\"name\":\"Urologie\"}]},{\"@type\":\"WebSite\",\"@id\":\"https:\\\/\\\/www.maunakeatech.com\\\/#website\",\"url\":\"https:\\\/\\\/www.maunakeatech.com\\\/\",\"name\":\"Mauna Kea Technologies\",\"description\":\"See Cells. Change Lives.\",\"potentialAction\":[{\"@type\":\"SearchAction\",\"target\":{\"@type\":\"EntryPoint\",\"urlTemplate\":\"https:\\\/\\\/www.maunakeatech.com\\\/?s={search_term_string}\"},\"query-input\":{\"@type\":\"PropertyValueSpecification\",\"valueRequired\":true,\"valueName\":\"search_term_string\"}}],\"inLanguage\":\"fr-FR\"}]}<\/script>\n<!-- \/ Yoast SEO plugin. -->","yoast_head_json":{"title":"Urologie - Mauna Kea Technologies","description":"Avec Cellvizio\u00ae, les m\u00e9decins peuvent visualiser la microstructure interne des tissus en temps r\u00e9el pendant les proc\u00e9dures d\u2019ur\u00e9t\u00e9roscopie et de cystoscopie.","robots":{"index":"index","follow":"follow","max-snippet":"max-snippet:-1","max-image-preview":"max-image-preview:large","max-video-preview":"max-video-preview:-1"},"canonical":"https:\/\/www.maunakeatech.com\/urology\/","og_locale":"fr_FR","og_type":"article","og_title":"Urologie - Mauna Kea Technologies","og_description":"Avec Cellvizio\u00ae, les m\u00e9decins peuvent visualiser la microstructure interne des tissus en temps r\u00e9el pendant les proc\u00e9dures d\u2019ur\u00e9t\u00e9roscopie et de cystoscopie.","og_url":"https:\/\/www.maunakeatech.com\/urology\/","og_site_name":"Mauna Kea Technologies","article_publisher":"https:\/\/www.facebook.com\/maunakeatech\/","article_modified_time":"2024-09-06T03:08:24+00:00","twitter_card":"summary_large_image","twitter_site":"@maunakeatech","twitter_misc":{"Dur\u00e9e de lecture estim\u00e9e":"1 minute"},"schema":{"@context":"https:\/\/schema.org","@graph":[{"@type":"WebPage","@id":"https:\/\/www.maunakeatech.com\/urology\/","url":"https:\/\/www.maunakeatech.com\/urology\/","name":"Urologie - Mauna Kea Technologies","isPartOf":{"@id":"https:\/\/www.maunakeatech.com\/#website"},"datePublished":"2024-08-06T13:06:50+00:00","dateModified":"2024-09-06T03:08:24+00:00","description":"Avec Cellvizio\u00ae, les m\u00e9decins peuvent visualiser la microstructure interne des tissus en temps r\u00e9el pendant les proc\u00e9dures d\u2019ur\u00e9t\u00e9roscopie et de cystoscopie.","breadcrumb":{"@id":"https:\/\/www.maunakeatech.com\/urology\/#breadcrumb"},"inLanguage":"fr-FR","potentialAction":[{"@type":"ReadAction","target":["https:\/\/www.maunakeatech.com\/urology\/"]}]},{"@type":"BreadcrumbList","@id":"https:\/\/www.maunakeatech.com\/urology\/#breadcrumb","itemListElement":[{"@type":"ListItem","position":1,"name":"Home","item":"https:\/\/www.maunakeatech.com\/"},{"@type":"ListItem","position":2,"name":"Urologie"}]},{"@type":"WebSite","@id":"https:\/\/www.maunakeatech.com\/#website","url":"https:\/\/www.maunakeatech.com\/","name":"Mauna Kea Technologies","description":"See Cells. Change Lives.","potentialAction":[{"@type":"SearchAction","target":{"@type":"EntryPoint","urlTemplate":"https:\/\/www.maunakeatech.com\/?s={search_term_string}"},"query-input":{"@type":"PropertyValueSpecification","valueRequired":true,"valueName":"search_term_string"}}],"inLanguage":"fr-FR"}]}},"_links":{"self":[{"href":"https:\/\/www.maunakeatech.com\/fr\/wp-json\/wp\/v2\/pages\/8386","targetHints":{"allow":["GET"]}}],"collection":[{"href":"https:\/\/www.maunakeatech.com\/fr\/wp-json\/wp\/v2\/pages"}],"about":[{"href":"https:\/\/www.maunakeatech.com\/fr\/wp-json\/wp\/v2\/types\/page"}],"author":[{"embeddable":true,"href":"https:\/\/www.maunakeatech.com\/fr\/wp-json\/wp\/v2\/users\/1"}],"replies":[{"embeddable":true,"href":"https:\/\/www.maunakeatech.com\/fr\/wp-json\/wp\/v2\/comments?post=8386"}],"version-history":[{"count":6,"href":"https:\/\/www.maunakeatech.com\/fr\/wp-json\/wp\/v2\/pages\/8386\/revisions"}],"predecessor-version":[{"id":11455,"href":"https:\/\/www.maunakeatech.com\/fr\/wp-json\/wp\/v2\/pages\/8386\/revisions\/11455"}],"wp:attachment":[{"href":"https:\/\/www.maunakeatech.com\/fr\/wp-json\/wp\/v2\/media?parent=8386"}],"curies":[{"name":"wp","href":"https:\/\/api.w.org\/{rel}","templated":true}]}}