{"id":8121,"date":"2024-08-06T15:03:30","date_gmt":"2024-08-06T13:03:30","guid":{"rendered":"https:\/\/www.maunakeatech.com\/interet-economique\/"},"modified":"2024-09-06T04:21:44","modified_gmt":"2024-09-06T02:21:44","slug":"interet-economique","status":"publish","type":"page","link":"https:\/\/www.maunakeatech.com\/fr\/interet-economique\/","title":{"rendered":"Int\u00e9r\u00eat Economique"},"content":{"rendered":"<p>[et_pb_section fb_built=&#8221;1&#8243; _builder_version=&#8221;4.25.1&#8243; _module_preset=&#8221;default&#8221; background_image=&#8221;https:\/\/www.maunakeatech.com\/wp-content\/uploads\/2024\/06\/AdobeStock_812003556_Preview.jpg&#8221; custom_margin=&#8221;||||false|false&#8221; custom_padding=&#8221;80px||100px||false|false&#8221; da_disable_devices=&#8221;off|off|off&#8221; global_colors_info=&#8221;{}&#8221; da_is_popup=&#8221;off&#8221; da_exit_intent=&#8221;off&#8221; da_has_close=&#8221;on&#8221; da_alt_close=&#8221;off&#8221; da_dark_close=&#8221;off&#8221; da_not_modal=&#8221;on&#8221; da_is_singular=&#8221;off&#8221; da_with_loader=&#8221;off&#8221; da_has_shadow=&#8221;on&#8221;][et_pb_row _builder_version=&#8221;4.25.1&#8243; _module_preset=&#8221;default&#8221; global_colors_info=&#8221;{}&#8221;][et_pb_column type=&#8221;4_4&#8243; _builder_version=&#8221;4.25.1&#8243; _module_preset=&#8221;default&#8221; pac_dcm_carousel_specific_module_num=&#8221;0&#8243; global_colors_info=&#8221;{}&#8221;][et_pb_text _builder_version=&#8221;4.25.2&#8243; _module_preset=&#8221;default&#8221; text_font=&#8221;|&#8211;et_global_heading_font_weight|||||||&#8221; text_text_color=&#8221;#FF6720&#8243; header_font=&#8221;&#8211;et_global_heading_font|&#8211;et_global_heading_font_weight|||||||&#8221; header_text_color=&#8221;#FFFFFF&#8221; header_font_size=&#8221;50px&#8221; header_line_height=&#8221;1.1em&#8221; custom_margin=&#8221;20px||20px||true|false&#8221; header_font_size_tablet=&#8221;50px&#8221; header_font_size_phone=&#8221;45px&#8221; header_font_size_last_edited=&#8221;on|phone&#8221; saved_tabs=&#8221;all&#8221; locked=&#8221;off&#8221; global_colors_info=&#8221;{}&#8221;]<\/p>\n<h1>Int\u00e9r\u00eat \u00e9conomique<\/h1>\n<p>[\/et_pb_text][et_pb_text _builder_version=&#8221;4.27.0&#8243; _module_preset=&#8221;default&#8221; text_font=&#8221;&#8211;et_global_heading_font|300|||||||&#8221; text_text_color=&#8221;#FFFFFF&#8221; text_font_size=&#8221;22px&#8221; text_line_height=&#8221;1.2em&#8221; locked=&#8221;off&#8221; global_colors_info=&#8221;{}&#8221;]<\/p>\n<p><span>Cellvizio<sup>\u00ae<\/sup>, un int\u00e9r\u00eat majeur en termes \u00e9conomiques, cliniques et strat\u00e9giques pour votre \u00e9tablissement<\/span><span><\/span><\/p>\n<p>[\/et_pb_text][\/et_pb_column][\/et_pb_row][\/et_pb_section][et_pb_section fb_built=&#8221;1&#8243; _builder_version=&#8221;4.25.2&#8243; _module_preset=&#8221;default&#8221; background_color=&#8221;RGBA(255,255,255,0)&#8221; min_height=&#8221;507.4px&#8221; custom_margin=&#8221;||-40px|||&#8221; da_disable_devices=&#8221;off|off|off&#8221; locked=&#8221;off&#8221; global_colors_info=&#8221;{}&#8221; da_is_popup=&#8221;off&#8221; da_exit_intent=&#8221;off&#8221; da_has_close=&#8221;on&#8221; da_alt_close=&#8221;off&#8221; da_dark_close=&#8221;off&#8221; da_not_modal=&#8221;on&#8221; da_is_singular=&#8221;off&#8221; da_with_loader=&#8221;off&#8221; da_has_shadow=&#8221;on&#8221;][et_pb_row _builder_version=&#8221;4.25.1&#8243; _module_preset=&#8221;default&#8221; custom_margin=&#8221;1px|auto||auto|false|false&#8221; locked=&#8221;off&#8221; global_colors_info=&#8221;{}&#8221;][et_pb_column type=&#8221;4_4&#8243; _builder_version=&#8221;4.25.1&#8243; _module_preset=&#8221;default&#8221; pac_dcm_carousel_specific_module_num=&#8221;0&#8243; global_colors_info=&#8221;{}&#8221;][et_pb_text _builder_version=&#8221;4.27.0&#8243; _module_preset=&#8221;default&#8221; text_text_color=&#8221;#FAFAFA&#8221; text_font_size=&#8221;20px&#8221; custom_padding=&#8221;||0px|||&#8221; locked=&#8221;off&#8221; global_colors_info=&#8221;{}&#8221;]<\/p>\n<p><span>Cellvizio est la technique d\u2019imagerie m\u00e9dicale qui comble une lacune importante de l\u2019endoscopie, car elle permet une utilisation ad\u00e9quate des ressources sanitaires. Cellvizio compl\u00e8te id\u00e9alement l\u2019offre de proc\u00e9dures endoscopiques\u00a0: il accro\u00eet leur attractivit\u00e9 pour les patients comme pour les m\u00e9decins, augmente leur volume par le d\u00e9ploiement d\u2019un arsenal th\u00e9rapeutique complet et entra\u00eene une hausse de l\u2019orientation des patients vers un sp\u00e9cialiste.<\/span><\/p>\n<p>[\/et_pb_text][\/et_pb_column][\/et_pb_row][et_pb_row _builder_version=&#8221;4.25.2&#8243; _module_preset=&#8221;default&#8221; global_colors_info=&#8221;{}&#8221;][et_pb_column type=&#8221;4_4&#8243; _builder_version=&#8221;4.25.2&#8243; _module_preset=&#8221;default&#8221; pac_dcm_carousel_specific_module_num=&#8221;0&#8243; global_colors_info=&#8221;{}&#8221;][et_pb_text _builder_version=&#8221;4.27.0&#8243; _module_preset=&#8221;default&#8221; text_font=&#8221;&#8211;et_global_heading_font||||||||&#8221; text_text_color=&#8221;#FAFAFA&#8221; text_font_size=&#8221;20px&#8221; header_font=&#8221;&#8211;et_global_heading_font||||||||&#8221; header_text_color=&#8221;#FF6720&#8243; header_2_font=&#8221;&#8211;et_global_heading_font||||||||&#8221; header_2_text_color=&#8221;#FF6720&#8243; header_3_font=&#8221;&#8211;et_global_heading_font|700|||||||&#8221; header_3_text_color=&#8221;#41B6E6&#8243; scroll_fade_enable=&#8221;on&#8221; global_colors_info=&#8221;{}&#8221;]<\/p>\n<h3>Cellvizio g\u00e9n\u00e8re des \u00e9conomies d\u2019\u00e9chelle<\/h3>\n<p><span>Cellvizio peut \u00eatre utilis\u00e9 dans diff\u00e9rents services. \u00c0 l\u2019heure actuelle, Cellvizio peut \u00eatre partag\u00e9 entre le service d\u2019endoscopie digestive et le service de bronchoscopie. \u00c0 l\u2019avenir, il sera disponible pour d\u2019autres indications. Le co\u00fbt des biens d\u2019\u00e9quipement peut \u00eatre ais\u00e9ment partag\u00e9 par deux services, alors que les minisondes confocales peuvent \u00eatre g\u00e9r\u00e9es s\u00e9par\u00e9ment par chaque service, selon les indications et besoins.<\/span><\/p>\n<p>[\/et_pb_text][et_pb_text _builder_version=&#8221;4.27.0&#8243; _module_preset=&#8221;default&#8221; text_font=&#8221;&#8211;et_global_heading_font||||||||&#8221; text_text_color=&#8221;#FAFAFA&#8221; text_font_size=&#8221;20px&#8221; header_font=&#8221;&#8211;et_global_heading_font||||||||&#8221; header_text_color=&#8221;#FF6720&#8243; header_2_font=&#8221;&#8211;et_global_heading_font||||||||&#8221; header_2_text_color=&#8221;#FF6720&#8243; header_3_font=&#8221;&#8211;et_global_heading_font|700|||||||&#8221; header_3_text_color=&#8221;#41B6E6&#8243; scroll_fade_enable=&#8221;on&#8221; global_colors_info=&#8221;{}&#8221;]<\/p>\n<h3>Cellvizio est \u00e9galement synonyme d\u2019\u00e9conomies consid\u00e9rables<\/h3>\n<p><span>Cellvizio peut contribuer \u00e0 r\u00e9duire les co\u00fbts indirects \u00e9lev\u00e9s associ\u00e9s aux multiples visites des patients car le diagnostic et le traitement sont r\u00e9alis\u00e9s dans le cadre d\u2019une seule proc\u00e9dure \u00ab\u00a0tout-en-un\u00a0\u00bb.<\/span><\/p>\n<p>[\/et_pb_text][et_pb_text _builder_version=&#8221;4.27.0&#8243; _module_preset=&#8221;default&#8221; text_font=&#8221;&#8211;et_global_heading_font||||||||&#8221; text_text_color=&#8221;#FAFAFA&#8221; text_font_size=&#8221;20px&#8221; header_font=&#8221;&#8211;et_global_heading_font||||||||&#8221; header_text_color=&#8221;#FF6720&#8243; header_2_font=&#8221;&#8211;et_global_heading_font||||||||&#8221; header_2_text_color=&#8221;#FF6720&#8243; header_3_font=&#8221;&#8211;et_global_heading_font|700|||||||&#8221; header_3_text_color=&#8221;#41B6E6&#8243; scroll_fade_enable=&#8221;on&#8221; global_colors_info=&#8221;{}&#8221;]<\/p>\n<h3>Remboursement<\/h3>\n<p>Le Cellvizio a obtenu des codes de remboursement aux Etats-Unis (codes CPT<sup>\u00ae<\/sup><span>\u00a0<\/span>de Cat\u00e9gorie I) en janvier 2013 pour l\u2019utilisation du syst\u00e8me dans les voies digestives.<\/p>\n<p>&nbsp;<\/p>\n<p><span>Remboursement par l\u2019assurance maladie pour l\u2019endoscopie oesophagienne avec biopsie guid\u00e9e par endomicroscopie confocale par laser &#8211; Cartographie oesophagienne pr\u00e9-th\u00e9rapeutique avec biopsie guid\u00e9e par endomicroscopie confocale par laser, code HEQE263.<\/span><\/p>\n<p>[\/et_pb_text][\/et_pb_column][\/et_pb_row][\/et_pb_section][et_pb_section fb_built=&#8221;1&#8243; custom_padding_last_edited=&#8221;on|phone&#8221; _builder_version=&#8221;4.27.0&#8243; _module_preset=&#8221;default&#8221; background_color=&#8221;#071621&#8243; min_height=&#8221;130px&#8221; custom_padding=&#8221;||70px||false|false&#8221; custom_padding_tablet=&#8221;||0px||false|false&#8221; custom_padding_phone=&#8221;||0px||false|false&#8221; da_disable_devices=&#8221;off|off|off&#8221; global_colors_info=&#8221;{}&#8221; da_is_popup=&#8221;off&#8221; da_exit_intent=&#8221;off&#8221; da_has_close=&#8221;on&#8221; da_alt_close=&#8221;off&#8221; da_dark_close=&#8221;off&#8221; da_not_modal=&#8221;on&#8221; da_is_singular=&#8221;off&#8221; da_with_loader=&#8221;off&#8221; da_has_shadow=&#8221;on&#8221;][et_pb_row custom_padding_last_edited=&#8221;on|phone&#8221; _builder_version=&#8221;4.27.0&#8243; _module_preset=&#8221;default&#8221; background_color=&#8221;#092840&#8243; custom_padding=&#8221;80px||80px||true|false&#8221; custom_padding_tablet=&#8221;80px||80px||true|false&#8221; custom_padding_phone=&#8221;60px|20px|60px|20px|true|true&#8221; border_radii=&#8221;on|30px|30px|30px|30px&#8221; global_colors_info=&#8221;{}&#8221;][et_pb_column type=&#8221;4_4&#8243; _builder_version=&#8221;4.25.2&#8243; _module_preset=&#8221;default&#8221; pac_dcm_carousel_specific_module_num=&#8221;0&#8243; global_colors_info=&#8221;{}&#8221;][et_pb_button button_url=&#8221;\/fr\/landing-pages\/fiche-descriptive-remboursement\/&#8221; button_text=&#8221;T\u00e9l\u00e9chargez notre fiche descriptive remboursement (USA)&#8221; button_alignment=&#8221;center&#8221; _builder_version=&#8221;4.27.0&#8243; _module_preset=&#8221;default&#8221; global_colors_info=&#8221;{}&#8221;][\/et_pb_button][\/et_pb_column][\/et_pb_row][\/et_pb_section][et_pb_section fb_built=&#8221;1&#8243; admin_label=&#8221;news-events&#8221; module_id=&#8221;Actualit\u00e9s et \u00e9v\u00e8nements&#8221; _builder_version=&#8221;4.25.0&#8243; _module_preset=&#8221;default&#8221; background_color=&#8221;RGBA(255,255,255,0)&#8221; da_disable_devices=&#8221;off|off|off&#8221; saved_tabs=&#8221;all&#8221; locked=&#8221;off&#8221; global_colors_info=&#8221;{}&#8221; da_is_popup=&#8221;off&#8221; da_exit_intent=&#8221;off&#8221; da_has_close=&#8221;on&#8221; da_alt_close=&#8221;off&#8221; da_dark_close=&#8221;off&#8221; da_not_modal=&#8221;on&#8221; da_is_singular=&#8221;off&#8221; da_with_loader=&#8221;off&#8221; da_has_shadow=&#8221;on&#8221;][et_pb_row custom_padding_last_edited=&#8221;on|phone&#8221; _builder_version=&#8221;4.27.0&#8243; _module_preset=&#8221;default&#8221; custom_padding_tablet=&#8221;&#8221; custom_padding_phone=&#8221;||0px||false|false&#8221; global_colors_info=&#8221;{}&#8221;][et_pb_column type=&#8221;4_4&#8243; _builder_version=&#8221;4.25.0&#8243; _module_preset=&#8221;default&#8221; pac_dcm_carousel_specific_module_num=&#8221;0&#8243; global_colors_info=&#8221;{}&#8221;][et_pb_text _builder_version=&#8221;4.27.0&#8243; _module_preset=&#8221;default&#8221; text_font=&#8221;|700|||||||&#8221; text_text_color=&#8221;#41B6E6&#8243; text_font_size=&#8221;22px&#8221; custom_margin=&#8221;||20px||false|false&#8221; custom_padding=&#8221;||||false|false&#8221; hover_enabled=&#8221;0&#8243; global_colors_info=&#8221;{}&#8221; sticky_enabled=&#8221;0&#8243;]<\/p>\n<p>Actualit\u00e9s<\/p>\n<p>[\/et_pb_text][et_pb_text _builder_version=&#8221;4.25.2&#8243; _module_preset=&#8221;default&#8221; header_2_font=&#8221;|&#8211;et_global_heading_font_weight|||||||&#8221; header_2_text_color=&#8221;#FAFAFA&#8221; header_2_font_size=&#8221;40px&#8221; global_colors_info=&#8221;{}&#8221;]<\/p>\n<h2 class=\"section__title section__title--small\">Vous pourriez \u00e9galement lire<\/h2>\n<p>[\/et_pb_text][dpdfg_filtergrid include_categories=&#8221;29&#8243; post_number=&#8221;3&#8243; use_overlay=&#8221;off&#8221; meta_separator=&#8221; &#8221; show_author=&#8221;off&#8221; show_terms=&#8221;on&#8221; show_terms_taxonomy=&#8221;category,post_tag&#8221; terms_separator=&#8221; |&#8221; terms_links=&#8221;off&#8221; read_more=&#8221;on&#8221; read_more_text=&#8221;En savoir plus&#8221; show_filters=&#8221;off&#8221; show_pagination=&#8221;off&#8221; items_width=&#8221;28%&#8221; column_gutter=&#8221;3em&#8221; primary_view=&#8221;%91{%22name%22:%22thumbnail%22,%22show%22:%22on%22},{%22name%22:%22overlay%22,%22show%22:%22on%22},{%22name%22:%22meta%22,%22show%22:%22off%22},{%22name%22:%22title%22,%22show%22:%22off%22},{%22name%22:%22content%22,%22show%22:%22off%22},{%22name%22:%22action_button%22,%22show%22:%22off%22},{%22name%22:%22ext%22,%22show%22:%22off%22},{%22name%22:%22read_more_button%22,%22show%22:%22off%22},{%22name%22:%22custom_content%22,%22show%22:%22off%22}%93&#8243; secondary_view=&#8221;%91{%22name%22:%22thumbnail%22,%22show%22:%22off%22},{%22name%22:%22meta%22,%22show%22:%22on%22},{%22name%22:%22title%22,%22show%22:%22on%22},{%22name%22:%22ext%22,%22show%22:%22on%22},{%22name%22:%22content%22,%22show%22:%22on%22},{%22name%22:%22action_button%22,%22show%22:%22on%22},{%22name%22:%22read_more_button%22,%22show%22:%22on%22},{%22name%22:%22custom_content%22,%22show%22:%22on%22}%93&#8243; module_class=&#8221;filter-category&#8221; _builder_version=&#8221;4.27.0&#8243; _module_preset=&#8221;default&#8221; dpdfg_entry_title_font=&#8221;&#8211;et_global_heading_font|&#8211;et_global_heading_font_weight|||||||&#8221; dpdfg_entry_meta_font=&#8221;&#8211;et_global_body_font|&#8211;et_global_heading_font_weight|||||||&#8221; dpdfg_entry_meta_text_color=&#8221;#41B6E6&#8243; custom_read_more_button=&#8221;on&#8221; read_more_button_text_size=&#8221;16px&#8221; read_more_button_text_color=&#8221;#FF6720&#8243; read_more_button_bg_color=&#8221;RGBA(255,255,255,0)&#8221; read_more_button_font=&#8221;&#8211;et_global_heading_font|&#8211;et_global_heading_font_weight|||||||&#8221; read_more_button_icon=&#8221;&#x35;||divi||400&#8243; read_more_button_icon_color=&#8221;#FF6720&#8243; read_more_button_on_hover=&#8221;off&#8221; read_more_button_alignment=&#8221;left&#8221; read_more_button_custom_padding=&#8221;||||false|false&#8221; custom_padding=&#8221;||||false|false&#8221; hover_enabled=&#8221;0&#8243; custom_css_entry-header=&#8221;padding:0 20px 15px;&#8221; custom_css_entry-meta=&#8221;padding:25px 20px 15px;&#8221; custom_css_entry-button=&#8221;padding:0 7px 35px!important;&#8221; border_radii=&#8221;on|30px|30px|30px|30px&#8221; global_colors_info=&#8221;{}&#8221; sticky_enabled=&#8221;0&#8243;][\/dpdfg_filtergrid][\/et_pb_column][\/et_pb_row][\/et_pb_section][et_pb_section fb_built=&#8221;1&#8243; custom_padding_last_edited=&#8221;on|phone&#8221; _builder_version=&#8221;4.27.0&#8243; _module_preset=&#8221;default&#8221; background_color=&#8221;#071621&#8243; background_image=&#8221;https:\/\/www.maunakeatech.com\/wp-content\/uploads\/2024\/07\/download-celvisio-brochure-copie.webp&#8221; custom_padding=&#8221;180px||100px||false|false&#8221; custom_padding_tablet=&#8221;40px||||false|false&#8221; custom_padding_phone=&#8221;10px||||false|false&#8221; da_disable_devices=&#8221;off|off|off&#8221; saved_tabs=&#8221;all&#8221; global_colors_info=&#8221;{}&#8221; da_is_popup=&#8221;off&#8221; da_exit_intent=&#8221;off&#8221; da_has_close=&#8221;on&#8221; da_alt_close=&#8221;off&#8221; da_dark_close=&#8221;off&#8221; da_not_modal=&#8221;on&#8221; da_is_singular=&#8221;off&#8221; da_with_loader=&#8221;off&#8221; da_has_shadow=&#8221;on&#8221;][et_pb_row _builder_version=&#8221;4.25.1&#8243; _module_preset=&#8221;default&#8221; custom_margin=&#8221;1px|auto||auto|false|false&#8221; locked=&#8221;off&#8221; global_colors_info=&#8221;{}&#8221;][et_pb_column type=&#8221;4_4&#8243; _builder_version=&#8221;4.25.1&#8243; _module_preset=&#8221;default&#8221; pac_dcm_carousel_specific_module_num=&#8221;0&#8243; global_colors_info=&#8221;{}&#8221;][et_pb_text _builder_version=&#8221;4.27.0&#8243; _module_preset=&#8221;default&#8221; header_2_font=&#8221;|&#8211;et_global_heading_font_weight|||||||&#8221; header_2_text_color=&#8221;#FAFAFA&#8221; header_2_font_size=&#8221;40px&#8221; custom_margin=&#8221;||10px||false|false&#8221; locked=&#8221;off&#8221; global_colors_info=&#8221;{}&#8221;]<\/p>\n<h2>Pour en savoir plus, t\u00e9l\u00e9chargez la<\/h2>\n<p>[\/et_pb_text][et_pb_text _builder_version=&#8221;4.27.0&#8243; _module_preset=&#8221;default&#8221; text_font=&#8221;|700|||||||&#8221; text_text_color=&#8221;#41B6E6&#8243; text_font_size=&#8221;30px&#8221; custom_margin=&#8221;||20px||false|false&#8221; custom_padding=&#8221;||||false|false&#8221; locked=&#8221;off&#8221; global_colors_info=&#8221;{}&#8221;]<\/p>\n<p>Brochure Cellvizio<\/p>\n<p>[\/et_pb_text][et_pb_button button_url=&#8221;\/fr\/landing-pages\/brochure-cellvizio\/&#8221; button_text=&#8221;D\u00e9couvrir&#8221; _builder_version=&#8221;4.27.0&#8243; _module_preset=&#8221;default&#8221; custom_margin=&#8221;60px||||false|false&#8221; global_colors_info=&#8221;{}&#8221;][\/et_pb_button][\/et_pb_column][\/et_pb_row][\/et_pb_section]<\/p>\n","protected":false},"excerpt":{"rendered":"<p>Int\u00e9r\u00eat \u00e9conomiqueCellvizio\u00ae, un int\u00e9r\u00eat majeur en termes \u00e9conomiques, cliniques et strat\u00e9giques pour votre \u00e9tablissementCellvizio est la technique d\u2019imagerie m\u00e9dicale qui comble une lacune importante de l\u2019endoscopie, car elle permet une utilisation ad\u00e9quate des ressources sanitaires. Cellvizio compl\u00e8te id\u00e9alement l\u2019offre de proc\u00e9dures endoscopiques\u00a0: il accro\u00eet leur attractivit\u00e9 pour les patients comme pour les m\u00e9decins, augmente leur [&hellip;]<\/p>\n","protected":false},"author":3,"featured_media":0,"parent":0,"menu_order":0,"comment_status":"closed","ping_status":"closed","template":"","meta":{"_et_pb_use_builder":"on","_et_pb_old_content":"","_et_gb_content_width":"","footnotes":""},"class_list":["post-8121","page","type-page","status-publish","hentry"],"yoast_head":"<!-- This site is optimized with the Yoast SEO plugin v27.2 - https:\/\/yoast.com\/product\/yoast-seo-wordpress\/ -->\n<title>Int\u00e9r\u00eat Economique - Mauna Kea Technologies<\/title>\n<meta name=\"description\" content=\"Cellvizio peut contribuer \u00e0 r\u00e9duire les co\u00fbts indirects \u00e9lev\u00e9s associ\u00e9s aux multiples visites des patients car le diagnostic et le traitement sont r\u00e9alis\u00e9s dans le cadre d\u2019une seule proc\u00e9dure \u00ab tout-en-un \u00bb.\" \/>\n<meta name=\"robots\" content=\"index, follow, max-snippet:-1, max-image-preview:large, max-video-preview:-1\" \/>\n<link rel=\"canonical\" href=\"https:\/\/www.maunakeatech.com\/economics\/\" \/>\n<meta property=\"og:locale\" content=\"fr_FR\" \/>\n<meta property=\"og:type\" content=\"article\" \/>\n<meta property=\"og:title\" content=\"Int\u00e9r\u00eat Economique - Mauna Kea Technologies\" \/>\n<meta property=\"og:description\" content=\"Cellvizio peut contribuer \u00e0 r\u00e9duire les co\u00fbts indirects \u00e9lev\u00e9s associ\u00e9s aux multiples visites des patients car le diagnostic et le traitement sont r\u00e9alis\u00e9s dans le cadre d\u2019une seule proc\u00e9dure \u00ab tout-en-un \u00bb.\" \/>\n<meta property=\"og:url\" content=\"https:\/\/www.maunakeatech.com\/economics\/\" \/>\n<meta property=\"og:site_name\" content=\"Mauna Kea Technologies\" \/>\n<meta property=\"article:publisher\" content=\"https:\/\/www.facebook.com\/maunakeatech\/\" \/>\n<meta property=\"article:modified_time\" content=\"2024-09-06T02:21:44+00:00\" \/>\n<meta name=\"twitter:card\" content=\"summary_large_image\" \/>\n<meta name=\"twitter:site\" content=\"@maunakeatech\" \/>\n<meta name=\"twitter:label1\" content=\"Dur\u00e9e de lecture estim\u00e9e\" \/>\n\t<meta name=\"twitter:data1\" content=\"3 minutes\" \/>\n<script type=\"application\/ld+json\" class=\"yoast-schema-graph\">{\"@context\":\"https:\/\/schema.org\",\"@graph\":[{\"@type\":\"WebPage\",\"@id\":\"https:\/\/www.maunakeatech.com\/economics\/\",\"url\":\"https:\/\/www.maunakeatech.com\/economics\/\",\"name\":\"Int\u00e9r\u00eat Economique - Mauna Kea Technologies\",\"isPartOf\":{\"@id\":\"https:\/\/www.maunakeatech.com\/#website\"},\"datePublished\":\"2024-08-06T13:03:30+00:00\",\"dateModified\":\"2024-09-06T02:21:44+00:00\",\"description\":\"Cellvizio peut contribuer \u00e0 r\u00e9duire les co\u00fbts indirects \u00e9lev\u00e9s associ\u00e9s aux multiples visites des patients car le diagnostic et le traitement sont r\u00e9alis\u00e9s dans le cadre d\u2019une seule proc\u00e9dure \u00ab tout-en-un \u00bb.\",\"breadcrumb\":{\"@id\":\"https:\/\/www.maunakeatech.com\/economics\/#breadcrumb\"},\"inLanguage\":\"fr-FR\",\"potentialAction\":[{\"@type\":\"ReadAction\",\"target\":[\"https:\/\/www.maunakeatech.com\/economics\/\"]}]},{\"@type\":\"BreadcrumbList\",\"@id\":\"https:\/\/www.maunakeatech.com\/economics\/#breadcrumb\",\"itemListElement\":[{\"@type\":\"ListItem\",\"position\":1,\"name\":\"Home\",\"item\":\"https:\/\/www.maunakeatech.com\/\"},{\"@type\":\"ListItem\",\"position\":2,\"name\":\"Int\u00e9r\u00eat Economique\"}]},{\"@type\":\"WebSite\",\"@id\":\"https:\/\/www.maunakeatech.com\/#website\",\"url\":\"https:\/\/www.maunakeatech.com\/\",\"name\":\"Mauna Kea Technologies\",\"description\":\"See Cells. Change Lives.\",\"potentialAction\":[{\"@type\":\"SearchAction\",\"target\":{\"@type\":\"EntryPoint\",\"urlTemplate\":\"https:\/\/www.maunakeatech.com\/?s={search_term_string}\"},\"query-input\":{\"@type\":\"PropertyValueSpecification\",\"valueRequired\":true,\"valueName\":\"search_term_string\"}}],\"inLanguage\":\"fr-FR\"}]}<\/script>\n<!-- \/ Yoast SEO plugin. -->","yoast_head_json":{"title":"Int\u00e9r\u00eat Economique - Mauna Kea Technologies","description":"Cellvizio peut contribuer \u00e0 r\u00e9duire les co\u00fbts indirects \u00e9lev\u00e9s associ\u00e9s aux multiples visites des patients car le diagnostic et le traitement sont r\u00e9alis\u00e9s dans le cadre d\u2019une seule proc\u00e9dure \u00ab tout-en-un \u00bb.","robots":{"index":"index","follow":"follow","max-snippet":"max-snippet:-1","max-image-preview":"max-image-preview:large","max-video-preview":"max-video-preview:-1"},"canonical":"https:\/\/www.maunakeatech.com\/economics\/","og_locale":"fr_FR","og_type":"article","og_title":"Int\u00e9r\u00eat Economique - Mauna Kea Technologies","og_description":"Cellvizio peut contribuer \u00e0 r\u00e9duire les co\u00fbts indirects \u00e9lev\u00e9s associ\u00e9s aux multiples visites des patients car le diagnostic et le traitement sont r\u00e9alis\u00e9s dans le cadre d\u2019une seule proc\u00e9dure \u00ab tout-en-un \u00bb.","og_url":"https:\/\/www.maunakeatech.com\/economics\/","og_site_name":"Mauna Kea Technologies","article_publisher":"https:\/\/www.facebook.com\/maunakeatech\/","article_modified_time":"2024-09-06T02:21:44+00:00","twitter_card":"summary_large_image","twitter_site":"@maunakeatech","twitter_misc":{"Dur\u00e9e de lecture estim\u00e9e":"3 minutes"},"schema":{"@context":"https:\/\/schema.org","@graph":[{"@type":"WebPage","@id":"https:\/\/www.maunakeatech.com\/economics\/","url":"https:\/\/www.maunakeatech.com\/economics\/","name":"Int\u00e9r\u00eat Economique - Mauna Kea Technologies","isPartOf":{"@id":"https:\/\/www.maunakeatech.com\/#website"},"datePublished":"2024-08-06T13:03:30+00:00","dateModified":"2024-09-06T02:21:44+00:00","description":"Cellvizio peut contribuer \u00e0 r\u00e9duire les co\u00fbts indirects \u00e9lev\u00e9s associ\u00e9s aux multiples visites des patients car le diagnostic et le traitement sont r\u00e9alis\u00e9s dans le cadre d\u2019une seule proc\u00e9dure \u00ab tout-en-un \u00bb.","breadcrumb":{"@id":"https:\/\/www.maunakeatech.com\/economics\/#breadcrumb"},"inLanguage":"fr-FR","potentialAction":[{"@type":"ReadAction","target":["https:\/\/www.maunakeatech.com\/economics\/"]}]},{"@type":"BreadcrumbList","@id":"https:\/\/www.maunakeatech.com\/economics\/#breadcrumb","itemListElement":[{"@type":"ListItem","position":1,"name":"Home","item":"https:\/\/www.maunakeatech.com\/"},{"@type":"ListItem","position":2,"name":"Int\u00e9r\u00eat Economique"}]},{"@type":"WebSite","@id":"https:\/\/www.maunakeatech.com\/#website","url":"https:\/\/www.maunakeatech.com\/","name":"Mauna Kea Technologies","description":"See Cells. Change Lives.","potentialAction":[{"@type":"SearchAction","target":{"@type":"EntryPoint","urlTemplate":"https:\/\/www.maunakeatech.com\/?s={search_term_string}"},"query-input":{"@type":"PropertyValueSpecification","valueRequired":true,"valueName":"search_term_string"}}],"inLanguage":"fr-FR"}]}},"_links":{"self":[{"href":"https:\/\/www.maunakeatech.com\/fr\/wp-json\/wp\/v2\/pages\/8121","targetHints":{"allow":["GET"]}}],"collection":[{"href":"https:\/\/www.maunakeatech.com\/fr\/wp-json\/wp\/v2\/pages"}],"about":[{"href":"https:\/\/www.maunakeatech.com\/fr\/wp-json\/wp\/v2\/types\/page"}],"author":[{"embeddable":true,"href":"https:\/\/www.maunakeatech.com\/fr\/wp-json\/wp\/v2\/users\/3"}],"replies":[{"embeddable":true,"href":"https:\/\/www.maunakeatech.com\/fr\/wp-json\/wp\/v2\/comments?post=8121"}],"version-history":[{"count":10,"href":"https:\/\/www.maunakeatech.com\/fr\/wp-json\/wp\/v2\/pages\/8121\/revisions"}],"predecessor-version":[{"id":11389,"href":"https:\/\/www.maunakeatech.com\/fr\/wp-json\/wp\/v2\/pages\/8121\/revisions\/11389"}],"wp:attachment":[{"href":"https:\/\/www.maunakeatech.com\/fr\/wp-json\/wp\/v2\/media?parent=8121"}],"curies":[{"name":"wp","href":"https:\/\/api.w.org\/{rel}","templated":true}]}}